{"id":5572,"date":"2023-02-06T23:29:22","date_gmt":"2023-02-06T23:29:22","guid":{"rendered":"https:\/\/famisegurltda.com\/?post_type=product&#038;p=5572"},"modified":"2023-02-06T23:44:09","modified_gmt":"2023-02-06T23:44:09","slug":"asistencia-exequial-presencial-mascotas","status":"publish","type":"product","link":"https:\/\/famisegurltda.com\/index.php\/product\/asistencia-exequial-presencial-mascotas\/","title":{"rendered":"Asistencia Exequial PRESENCIAL MASCOTAS"},"content":{"rendered":"<ul>\n<li>Retiro de la mascota fallecida en el lugar del fallecimiento (dentro del per\u00edmetro urbano) sala de duelo por 3 horas en<br \/>\ncapillas de la fe (sala especializada para este servicio), cofre f\u00fanebre especial para mascotas (una referencia),<br \/>\ncremaci\u00f3n, Tiempo de carencia 60 d\u00edas, previamente inscritas. Servicio Funeraria para mascotas con sala de velaci\u00f3n<br \/>\ntenemos en nuestras Sedes de Bogot\u00e1, Medell\u00edn, Manizales, Villavicencio, Cali, Barranquilla, Bucaramanga.<\/li>\n<\/ul>\n","protected":false},"excerpt":{"rendered":"<ul>\n<li>Retiro de la mascota fallecida en el lugar del fallecimiento (dentro del per\u00edmetro urbano) sala de duelo por 3 horas en<br \/>\ncapillas de la fe (sala especializada para este servicio), cofre f\u00fanebre especial para mascotas (una referencia),<br \/>\ncremaci\u00f3n, Tiempo de carencia 60 d\u00edas, previamente inscritas. Servicio Funeraria para mascotas con sala de velaci\u00f3n<br \/>\ntenemos en nuestras Sedes de Bogot\u00e1, Medell\u00edn, Manizales, Villavicencio, Cali, Barranquilla, Bucaramanga.<\/li>\n<\/ul>\n","protected":false},"featured_media":5573,"comment_status":"open","ping_status":"closed","template":"","meta":{"om_disable_all_campaigns":false,"_monsterinsights_skip_tracking":false,"_monsterinsights_sitenote_active":false,"_monsterinsights_sitenote_note":"","_monsterinsights_sitenote_category":0,"_joinchat":[]},"product_cat":[15],"product_tag":[],"aioseo_notices":[],"_links":{"self":[{"href":"https:\/\/famisegurltda.com\/index.php\/wp-json\/wp\/v2\/product\/5572"}],"collection":[{"href":"https:\/\/famisegurltda.com\/index.php\/wp-json\/wp\/v2\/product"}],"about":[{"href":"https:\/\/famisegurltda.com\/index.php\/wp-json\/wp\/v2\/types\/product"}],"replies":[{"embeddable":true,"href":"https:\/\/famisegurltda.com\/index.php\/wp-json\/wp\/v2\/comments?post=5572"}],"wp:featuredmedia":[{"embeddable":true,"href":"https:\/\/famisegurltda.com\/index.php\/wp-json\/wp\/v2\/media\/5573"}],"wp:attachment":[{"href":"https:\/\/famisegurltda.com\/index.php\/wp-json\/wp\/v2\/media?parent=5572"}],"wp:term":[{"taxonomy":"product_cat","embeddable":true,"href":"https:\/\/famisegurltda.com\/index.php\/wp-json\/wp\/v2\/product_cat?post=5572"},{"taxonomy":"product_tag","embeddable":true,"href":"https:\/\/famisegurltda.com\/index.php\/wp-json\/wp\/v2\/product_tag?post=5572"}],"curies":[{"name":"wp","href":"https:\/\/api.w.org\/{rel}","templated":true}]}}