{"id":1834,"date":"2021-10-13T11:04:54","date_gmt":"2021-10-13T11:04:54","guid":{"rendered":"https:\/\/angfuzsoft.com\/themeforest\/wordpress\/agar\/?page_id=1834"},"modified":"2023-02-14T14:40:49","modified_gmt":"2023-02-14T14:40:49","slug":"nosotros","status":"publish","type":"page","link":"https:\/\/famisegurltda.com\/index.php\/nosotros\/","title":{"rendered":"Nosotros"},"content":{"rendered":"\t\t<div data-elementor-type=\"wp-page\" data-elementor-id=\"1834\" class=\"elementor elementor-1834\">\n\t\t\t\t\t\t\t\t\t<section class=\"elementor-section elementor-top-section elementor-element elementor-element-b2e6f70 elementor-section-full_width elementor-section-height-default elementor-section-height-default\" data-id=\"b2e6f70\" data-element_type=\"section\" data-settings=\"{&quot;background_background&quot;:&quot;classic&quot;}\">\n\t\t\t\t\t\t<div class=\"elementor-container elementor-column-gap-no\">\n\t\t\t\t\t<div class=\"elementor-column elementor-col-100 elementor-top-column elementor-element elementor-element-bc67672\" data-id=\"bc67672\" data-element_type=\"column\">\n\t\t\t<div class=\"elementor-widget-wrap elementor-element-populated\">\n\t\t\t\t\t\t\t\t<section class=\"elementor-section elementor-inner-section elementor-element elementor-element-b69ad97 elementor-section-content-middle elementor-section-boxed elementor-section-height-default elementor-section-height-default\" data-id=\"b69ad97\" data-element_type=\"section\">\n\t\t\t\t\t\t<div class=\"elementor-container elementor-column-gap-no\">\n\t\t\t\t\t<div class=\"elementor-column elementor-col-50 elementor-inner-column elementor-element elementor-element-6fc876c\" data-id=\"6fc876c\" data-element_type=\"column\">\n\t\t\t<div class=\"elementor-widget-wrap elementor-element-populated\">\n\t\t\t\t\t\t\t\t<div class=\"elementor-element elementor-element-eb48a41 elementor-widget elementor-widget-agarsectiontitle\" data-id=\"eb48a41\" data-element_type=\"widget\" data-widget_type=\"agarsectiontitle.default\">\n\t\t\t\t<div class=\"elementor-widget-container\">\n\t\t\t<!-- Section Title --><div class=\"section-title\" ><h1 class=\"sub-title subtitle-selector\">Agencia de seguros<\/h1><div class=\"sec-shape\"><\/div><h2 class=\"sec-title title-selector\">Famisegur Ltda.<\/h2><p class=\"sec-text\">Experiencia y calidad.<\/p><\/div><!-- End Section Title -->\t\t<\/div>\n\t\t\t\t<\/div>\n\t\t\t\t<div class=\"elementor-element elementor-element-b2bc24d elementor-widget elementor-widget-text-editor\" data-id=\"b2bc24d\" data-element_type=\"widget\" data-widget_type=\"text-editor.default\">\n\t\t\t\t<div class=\"elementor-widget-container\">\n\t\t\t<style>\/*! elementor - v3.18.0 - 20-12-2023 *\/\n.elementor-widget-text-editor.elementor-drop-cap-view-stacked .elementor-drop-cap{background-color:#69727d;color:#fff}.elementor-widget-text-editor.elementor-drop-cap-view-framed .elementor-drop-cap{color:#69727d;border:3px solid;background-color:transparent}.elementor-widget-text-editor:not(.elementor-drop-cap-view-default) .elementor-drop-cap{margin-top:8px}.elementor-widget-text-editor:not(.elementor-drop-cap-view-default) .elementor-drop-cap-letter{width:1em;height:1em}.elementor-widget-text-editor .elementor-drop-cap{float:left;text-align:center;line-height:1;font-size:50px}.elementor-widget-text-editor .elementor-drop-cap-letter{display:inline-block}<\/style>\t\t\t\t<p>Somos asesores y consultores de las aseguradoras m\u00e1s importantes de Colombia, ayudamos a empresas y personas a tomar la mejor decisi\u00f3n a la hora de asegurar sus riesgos personales y patrimoniales.<\/p>\t\t\t\t\t\t<\/div>\n\t\t\t\t<\/div>\n\t\t\t\t<div class=\"elementor-element elementor-element-c414593 elementor-widget elementor-widget-agarbutton\" data-id=\"c414593\" data-element_type=\"widget\" data-widget_type=\"agarbutton.default\">\n\t\t\t\t<div class=\"elementor-widget-container\">\n\t\t\t<!-- Button --><div class=\"btn-wrapper left\"><a class=\"vs-btn mask-btn\" href=\"#nosotros\"><span class=\"btn-text\">Ver m\u00e1s<\/span><span class=\"btn-text-mask\">Ver m\u00e1s<\/span><\/a><\/div><!-- End Button -->\t\t<\/div>\n\t\t\t\t<\/div>\n\t\t\t\t\t<\/div>\n\t\t<\/div>\n\t\t\t\t<div class=\"elementor-column elementor-col-50 elementor-inner-column elementor-element elementor-element-30d13b1\" data-id=\"30d13b1\" data-element_type=\"column\">\n\t\t\t<div class=\"elementor-widget-wrap elementor-element-populated\">\n\t\t\t\t\t\t\t\t<div class=\"elementor-element elementor-element-d6788c1 elementor-widget elementor-widget-agarexperienceimagebox\" data-id=\"d6788c1\" data-element_type=\"widget\" data-widget_type=\"agarexperienceimagebox.default\">\n\t\t\t\t<div class=\"elementor-widget-container\">\n\t\t\t<div class=\"img-box-style2\"><img decoding=\"async\" src=\"http:\/\/famisegurltda.com\/wp-content\/uploads\/2021\/10\/about-image-1-1.png\" alt=\"about image 1 1\"  \/><div class=\"exp-box\"><h3 class=\"exp-box_title\">10+ a\u00f1os<br> de experiencia<\/h3><\/div><\/div>\t\t<\/div>\n\t\t\t\t<\/div>\n\t\t\t\t\t<\/div>\n\t\t<\/div>\n\t\t\t\t\t\t\t<\/div>\n\t\t<\/section>\n\t\t\t\t\t<\/div>\n\t\t<\/div>\n\t\t\t\t\t\t\t<\/div>\n\t\t<\/section>\n\t\t\t\t<section class=\"elementor-section elementor-top-section elementor-element elementor-element-50e01a5 elementor-section-boxed elementor-section-height-default elementor-section-height-default\" data-id=\"50e01a5\" data-element_type=\"section\">\n\t\t\t\t\t\t<div class=\"elementor-container elementor-column-gap-default\">\n\t\t\t\t\t<div class=\"elementor-column elementor-col-100 elementor-top-column elementor-element elementor-element-d2a23e3\" data-id=\"d2a23e3\" data-element_type=\"column\">\n\t\t\t<div class=\"elementor-widget-wrap elementor-element-populated\">\n\t\t\t\t\t\t\t\t<div class=\"elementor-element elementor-element-5b1d7cf elementor-widget elementor-widget-menu-anchor\" data-id=\"5b1d7cf\" data-element_type=\"widget\" data-widget_type=\"menu-anchor.default\">\n\t\t\t\t<div class=\"elementor-widget-container\">\n\t\t\t<style>\/*! elementor - v3.18.0 - 20-12-2023 *\/\nbody.elementor-page .elementor-widget-menu-anchor{margin-bottom:0}<\/style>\t\t<div id=\"nosotros\" class=\"elementor-menu-anchor\"><\/div>\n\t\t\t\t<\/div>\n\t\t\t\t<\/div>\n\t\t\t\t\t<\/div>\n\t\t<\/div>\n\t\t\t\t\t\t\t<\/div>\n\t\t<\/section>\n\t\t\t\t<section class=\"elementor-section elementor-top-section elementor-element elementor-element-bacc460 elementor-section-full_width elementor-section-height-default elementor-section-height-default\" data-id=\"bacc460\" data-element_type=\"section\" data-settings=\"{&quot;background_background&quot;:&quot;classic&quot;}\">\n\t\t\t\t\t\t<div class=\"elementor-container elementor-column-gap-no\">\n\t\t\t\t\t<div class=\"elementor-column elementor-col-100 elementor-top-column elementor-element elementor-element-f2c7c10\" data-id=\"f2c7c10\" data-element_type=\"column\">\n\t\t\t<div class=\"elementor-widget-wrap elementor-element-populated\">\n\t\t\t\t\t\t\t\t<section class=\"elementor-section elementor-inner-section elementor-element elementor-element-3bf7d92 elementor-section-full_width elementor-section-height-default elementor-section-height-default\" data-id=\"3bf7d92\" data-element_type=\"section\">\n\t\t\t\t\t\t<div class=\"elementor-container elementor-column-gap-no\">\n\t\t\t\t\t<div class=\"elementor-column elementor-col-100 elementor-inner-column elementor-element elementor-element-c330599\" data-id=\"c330599\" data-element_type=\"column\">\n\t\t\t<div class=\"elementor-widget-wrap elementor-element-populated\">\n\t\t\t\t\t\t\t\t<div class=\"elementor-element elementor-element-f19db7e elementor-widget elementor-widget-agarwhychooseus\" data-id=\"f19db7e\" data-element_type=\"widget\" data-widget_type=\"agarwhychooseus.default\">\n\t\t\t\t<div class=\"elementor-widget-container\">\n\t\t\t<section class=\"vs-choose-wrapper space\"><div class=\"container\"><div class=\"row\"><div class=\" col-lg-6 col-xl-5 mb-30 text-center text-lg-start order-2 order-lg-1\"><span class=\"sub-title-style2 subtitle-selector\">Sobre nosotros<\/span><h2 class=\"sec-title pe-lg-5 title-selector\">Experiencia, Conocimiento y acompa\u00f1amiento.<\/h2><p class=\"sec-text pe-4 me-lg-4\">Durante m\u00e1s de una d\u00e9cada aseguramos distintos sectores de la econom\u00eda, lo que nos ha dado el reconocimiento de clientes y aseguradoras.\n<\/br><b> Misi\u00f3n<\/b><\/br>\nSomos una empresa dedicada a la asesor\u00eda, sostenibilidad, compromiso, estabilidad, y acompa\u00f1amiento en la intermediaci\u00f3n de seguros en las empresas de diversas actividades econ\u00f3micas a trav\u00e9s de un equipo humano altamente calificado en el manejo de p\u00f3lizas de los diferentes ramos del seguro buscando satisfacer las necesidades de nuestros clientes.\n<\/br><b> Visi\u00f3n<\/b><\/br>\nPosicionar a Famisegur Ltda. en el 2024 como una de las agencias l\u00edderes en asesor\u00eda y venta de seguros a nivel nacional en el sector de la vigilancia, seguridad electr\u00f3nica, cooperativas y temporales, teniendo nuestro portafolio de servicio a m\u00e1s del 70% del mercado asegurador.<\/p><div class=\"row pt-xl-4 justify-content-center justify-content-lg-start\"><\/div><\/div><div class=\"col-lg-6 col-xl-7  order-1 order-lg-2\"><div class=\"img-box-style3 mb-30\"><div class=\"slide-area\"><div class=\"vs-carousel\" data-slide-show=\"1\" data-md-slide-show=\"1\" data-dots=\"true\" data-fade=\"true\"><div class=\"mb-30\"><img decoding=\"async\" src=\"http:\/\/famisegurltda.com\/wp-content\/uploads\/2022\/12\/ofertas.png\" alt=\"ofertas\"  class=\"w-100 rounded-10\" \/><\/div><\/div><\/div><\/div><\/div><div class=\"col-lg-8 col-xl-7 offset-lg-2 offset-xl-5 position-relative mb-xl-0 order-3 response-redesign\"><\/div><\/div><\/div><div class=\"shape-mockup jump-reverse\" data-top=\"8%\" data-right=\"10%\"><div class=\"circle-shape bg-theme\"><\/div><\/div><\/section>\t\t<\/div>\n\t\t\t\t<\/div>\n\t\t\t\t\t<\/div>\n\t\t<\/div>\n\t\t\t\t\t\t\t<\/div>\n\t\t<\/section>\n\t\t\t\t\t<\/div>\n\t\t<\/div>\n\t\t\t\t\t\t\t<\/div>\n\t\t<\/section>\n\t\t\t\t<section class=\"elementor-section elementor-top-section elementor-element elementor-element-60f70cc elementor-section-full_width elementor-section-height-default elementor-section-height-default\" data-id=\"60f70cc\" data-element_type=\"section\" data-settings=\"{&quot;background_background&quot;:&quot;classic&quot;}\">\n\t\t\t\t\t\t<div class=\"elementor-container elementor-column-gap-no\">\n\t\t\t\t\t<div class=\"elementor-column elementor-col-100 elementor-top-column elementor-element elementor-element-4c6fd96\" data-id=\"4c6fd96\" data-element_type=\"column\">\n\t\t\t<div class=\"elementor-widget-wrap elementor-element-populated\">\n\t\t\t\t\t\t\t\t<section class=\"elementor-section elementor-inner-section elementor-element elementor-element-4f9ba29 elementor-section-boxed elementor-section-height-default elementor-section-height-default\" data-id=\"4f9ba29\" data-element_type=\"section\">\n\t\t\t\t\t\t<div class=\"elementor-container elementor-column-gap-no\">\n\t\t\t\t\t<div class=\"elementor-column elementor-col-100 elementor-inner-column elementor-element elementor-element-2d58dbb\" data-id=\"2d58dbb\" data-element_type=\"column\">\n\t\t\t<div class=\"elementor-widget-wrap elementor-element-populated\">\n\t\t\t\t\t\t\t\t<div class=\"elementor-element elementor-element-f208c02 elementor-widget__width-initial elementor-widget-mobile__width-initial elementor-widget elementor-widget-agarcounterup\" data-id=\"f208c02\" data-element_type=\"widget\" data-widget_type=\"agarcounterup.default\">\n\t\t\t\t<div class=\"elementor-widget-container\">\n\t\t\t<div class=\"vs-counter text-center\"><div class=\"vs-counter_number text-white\">1950<\/div><div class=\"vs-counter_line\"><img decoding=\"async\" src=\"https:\/\/angfuzsoft.com\/themeforest\/wordpress\/agar\/wp-content\/uploads\/2021\/10\/counter-line.png\" alt=\"counter line\"  \/><\/div><h3 class=\"vs-counter_title h4 text-white\">Seguros emitidos<\/h3><\/div>\t\t<\/div>\n\t\t\t\t<\/div>\n\t\t\t\t<div class=\"elementor-element elementor-element-e18000d elementor-widget__width-initial elementor-widget-mobile__width-initial elementor-widget elementor-widget-agarcounterup\" data-id=\"e18000d\" data-element_type=\"widget\" data-widget_type=\"agarcounterup.default\">\n\t\t\t\t<div class=\"elementor-widget-container\">\n\t\t\t<div class=\"vs-counter text-center\"><div class=\"vs-counter_number text-white\">1563<\/div><div class=\"vs-counter_line\"><img decoding=\"async\" src=\"https:\/\/angfuzsoft.com\/themeforest\/wordpress\/agar\/wp-content\/uploads\/2021\/10\/counter-line.png\" alt=\"counter line\"  \/><\/div><h3 class=\"vs-counter_title h4 text-white\">Siniestros pagados<\/h3><\/div>\t\t<\/div>\n\t\t\t\t<\/div>\n\t\t\t\t<div class=\"elementor-element elementor-element-df7a2c9 elementor-widget__width-initial elementor-widget-mobile__width-initial elementor-widget elementor-widget-agarcounterup\" data-id=\"df7a2c9\" data-element_type=\"widget\" data-widget_type=\"agarcounterup.default\">\n\t\t\t\t<div class=\"elementor-widget-container\">\n\t\t\t<div class=\"vs-counter text-center\"><div class=\"vs-counter_number text-white\">1465<\/div><div class=\"vs-counter_line\"><img decoding=\"async\" src=\"https:\/\/angfuzsoft.com\/themeforest\/wordpress\/agar\/wp-content\/uploads\/2021\/10\/counter-line.png\" alt=\"counter line\"  \/><\/div><h3 class=\"vs-counter_title h4 text-white\">Empresas aseguradas<\/h3><\/div>\t\t<\/div>\n\t\t\t\t<\/div>\n\t\t\t\t<div class=\"elementor-element elementor-element-4c84afa elementor-widget__width-initial elementor-widget-mobile__width-initial elementor-widget elementor-widget-agarcounterup\" data-id=\"4c84afa\" data-element_type=\"widget\" data-widget_type=\"agarcounterup.default\">\n\t\t\t\t<div class=\"elementor-widget-container\">\n\t\t\t<div class=\"vs-counter text-center\"><div class=\"vs-counter_number text-white\">1279<\/div><div class=\"vs-counter_line\"><img decoding=\"async\" src=\"https:\/\/angfuzsoft.com\/themeforest\/wordpress\/agar\/wp-content\/uploads\/2021\/10\/counter-line.png\" alt=\"counter line\"  \/><\/div><h3 class=\"vs-counter_title h4 text-white\">Personas aseguradas<\/h3><\/div>\t\t<\/div>\n\t\t\t\t<\/div>\n\t\t\t\t\t<\/div>\n\t\t<\/div>\n\t\t\t\t\t\t\t<\/div>\n\t\t<\/section>\n\t\t\t\t\t<\/div>\n\t\t<\/div>\n\t\t\t\t\t\t\t<\/div>\n\t\t<\/section>\n\t\t\t\t<section class=\"elementor-section elementor-top-section elementor-element elementor-element-8bc65af elementor-section-full_width elementor-section-height-default elementor-section-height-default\" data-id=\"8bc65af\" data-element_type=\"section\">\n\t\t\t\t\t\t<div class=\"elementor-container elementor-column-gap-no\">\n\t\t\t\t\t<div class=\"elementor-column elementor-col-100 elementor-top-column elementor-element elementor-element-54007e6\" data-id=\"54007e6\" data-element_type=\"column\">\n\t\t\t<div class=\"elementor-widget-wrap elementor-element-populated\">\n\t\t\t\t\t\t\t\t<div class=\"elementor-element elementor-element-99f8c6a elementor-widget elementor-widget-agarteammember\" data-id=\"99f8c6a\" data-element_type=\"widget\" data-widget_type=\"agarteammember.default\">\n\t\t\t\t<div class=\"elementor-widget-container\">\n\t\t\t<!-----------------------Start Team Area-----------------------><section class=\"vs-team-wapper\"><div class=\"container\"><div class=\"row align-items-center justify-content-center justify-content-lg-between\"><div class=\"col-md-8 col-lg-6 col-xl-5 col-xxl-4 text-center text-lg-start\"><div class=\"title-area\"><span class=\"sub-title-style2\">Nuestro Equipo<\/span><h2 class=\"sec-title\">Expertos en seguros.<\/h2><\/div><\/div><div class=\"col-auto d-none d-lg-block\"><div class=\"sec-btn-area\"><button class=\"slick-arrow slick-prev default\" data-slick-prev=\"#teamSlide1\"><i class=\"far fa-chevron-left\"><\/i><\/button><button class=\"slick-arrow slick-next default\" data-slick-next=\"#teamSlide1\"><i class=\"far fa-chevron-right\"><\/i><\/button><\/div><\/div><\/div><div id=\"teamSlide1\" class=\"row team-slider\" data-slide-to-show=\"4\"><div class=\"col-xl-3\"><div class=\"team-card mb-30\"><div class=\"team-card_img\"><img decoding=\"async\" src=\"http:\/\/famisegurltda.com\/wp-content\/uploads\/2021\/10\/team-1-4.png\" alt=\"team 1 4\"  \/><div class=\"team-card_links\"><a href=\"#\"><i class=\"fab fa-facebook-f\"><\/i><\/a><a href=\"#\"><i class=\"fab fa-skype\"><\/i><\/a><a href=\"#\"><i class=\"fab fa-linkedin-in\"><\/i><\/a><\/div><\/div><div class=\"team-card_body\"><h3 class=\"team-card_title\"><a class=\"text-inherit\" href=\"#\">Carolina Mu\u00f1oz<\/a><\/h3><span class=\"team-card_degi\">Ceo<\/span><\/div><\/div><\/div><div class=\"col-xl-3\"><div class=\"team-card mb-30\"><div class=\"team-card_img\"><img decoding=\"async\" src=\"http:\/\/famisegurltda.com\/wp-content\/uploads\/2021\/10\/team-1-4.png\" alt=\"team 1 4\"  \/><div class=\"team-card_links\"><a href=\"#\"><i class=\"fab fa-facebook-f\"><\/i><\/a><a href=\"#\"><i class=\"fab fa-skype\"><\/i><\/a><a href=\"#\"><i class=\"fab fa-linkedin-in\"><\/i><\/a><\/div><\/div><div class=\"team-card_body\"><h3 class=\"team-card_title\"><a class=\"text-inherit\" href=\"#\">Claudia Chinchilla <\/a><\/h3><span class=\"team-card_degi\">Directora Administrativa<\/span><\/div><\/div><\/div><div class=\"col-xl-3\"><div class=\"team-card mb-30\"><div class=\"team-card_img\"><img decoding=\"async\" src=\"https:\/\/angfuzsoft.com\/themeforest\/wordpress\/agar\/wp-content\/uploads\/2021\/10\/team-1-5.png\" alt=\"team 1 5\"  \/><div class=\"team-card_links\"><a href=\"#\"><i class=\"fab fa-facebook-f\"><\/i><\/a><a href=\"#\"><i class=\"fab fa-skype\"><\/i><\/a><a href=\"#\"><i class=\"fab fa-linkedin-in\"><\/i><\/a><\/div><\/div><div class=\"team-card_body\"><h3 class=\"team-card_title\"><a class=\"text-inherit\" href=\"#\">Giovanny Clavijo<\/a><\/h3><span class=\"team-card_degi\">Director tecnico<\/span><\/div><\/div><\/div><\/div><\/div><\/section><!-----------------------End Team Area----------------------->\t\t<\/div>\n\t\t\t\t<\/div>\n\t\t\t\t\t<\/div>\n\t\t<\/div>\n\t\t\t\t\t\t\t<\/div>\n\t\t<\/section>\n\t\t\t\t<section class=\"elementor-section elementor-top-section elementor-element elementor-element-3bd39e16 elementor-section-full_width elementor-section-height-default elementor-section-height-default\" data-id=\"3bd39e16\" data-element_type=\"section\">\n\t\t\t\t\t\t<div class=\"elementor-container elementor-column-gap-no\">\n\t\t\t\t\t<div class=\"elementor-column elementor-col-100 elementor-top-column elementor-element elementor-element-77045773\" data-id=\"77045773\" data-element_type=\"column\">\n\t\t\t<div class=\"elementor-widget-wrap elementor-element-populated\">\n\t\t\t\t\t\t\t\t<section class=\"elementor-section elementor-inner-section elementor-element elementor-element-704fc01 elementor-section-boxed elementor-section-height-default elementor-section-height-default\" data-id=\"704fc01\" data-element_type=\"section\">\n\t\t\t\t\t\t<div class=\"elementor-container elementor-column-gap-no\">\n\t\t\t\t\t<div class=\"elementor-column elementor-col-100 elementor-inner-column elementor-element elementor-element-6bd7e762\" data-id=\"6bd7e762\" data-element_type=\"column\">\n\t\t\t<div class=\"elementor-widget-wrap elementor-element-populated\">\n\t\t\t\t\t\t\t\t<div class=\"elementor-element elementor-element-4b98718f elementor-widget elementor-widget-agarsectiontitle\" data-id=\"4b98718f\" data-element_type=\"widget\" data-widget_type=\"agarsectiontitle.default\">\n\t\t\t\t<div class=\"elementor-widget-container\">\n\t\t\t<!-- Section Title --><div class=\"section-title\" ><h2 class=\"sec-title title-selector\">Representamos <span class=\"text-theme text-decoration-underline\">Las Mejores Aseguradoras<\/span> de Colombia.<\/h2><\/div><!-- End Section Title -->\t\t<\/div>\n\t\t\t\t<\/div>\n\t\t\t\t\t<\/div>\n\t\t<\/div>\n\t\t\t\t\t\t\t<\/div>\n\t\t<\/section>\n\t\t\t\t<section class=\"elementor-section elementor-inner-section elementor-element elementor-element-279cad50 elementor-section-full_width elementor-section-height-default elementor-section-height-default\" data-id=\"279cad50\" data-element_type=\"section\">\n\t\t\t\t\t\t<div class=\"elementor-container elementor-column-gap-no\">\n\t\t\t\t\t<div class=\"elementor-column elementor-col-100 elementor-inner-column elementor-element elementor-element-5dbc386d\" data-id=\"5dbc386d\" data-element_type=\"column\">\n\t\t\t<div class=\"elementor-widget-wrap elementor-element-populated\">\n\t\t\t\t\t\t\t\t<div class=\"elementor-element elementor-element-139e8070 elementor-widget elementor-widget-agarclientlogo\" data-id=\"139e8070\" data-element_type=\"widget\" data-widget_type=\"agarclientlogo.default\">\n\t\t\t\t<div class=\"elementor-widget-container\">\n\t\t\t<div class=\"vs-brand-wrapper\"><div class=\"container\"><div class=\"row justify-content-between vs-carousel\" data-slide-to-show=\"6\" data-slick-autoplay=\"true\" data-slick-dots=\"false\"><div class=\"col-auto\"><div class=\"vs-brand-fill text-center\"><a  href=\"http:\/\/www.brand.com\"><img decoding=\"async\" src=\"http:\/\/famisegurltda.com\/wp-content\/uploads\/2022\/12\/Mesa-de-trabajo-1.png\" alt=\"Mesa de trabajo 1\"><\/a><\/div><\/div><div class=\"col-auto\"><div class=\"vs-brand-fill text-center\"><a  href=\"http:\/\/www.brand.com\"><img decoding=\"async\" src=\"http:\/\/famisegurltda.com\/wp-content\/uploads\/2022\/12\/Mesa-de-trabajo-2.png\" alt=\"Mesa de trabajo 2\"><\/a><\/div><\/div><div class=\"col-auto\"><div class=\"vs-brand-fill text-center\"><a  href=\"http:\/\/www.brand.com\"><img decoding=\"async\" src=\"http:\/\/famisegurltda.com\/wp-content\/uploads\/2022\/12\/Mesa-de-trabajo-3.png\" alt=\"Mesa de trabajo 3\"><\/a><\/div><\/div><div class=\"col-auto\"><div class=\"vs-brand-fill text-center\"><a  href=\"http:\/\/www.brand.com\"><img decoding=\"async\" src=\"http:\/\/famisegurltda.com\/wp-content\/uploads\/2022\/12\/Mesa-de-trabajo-4.png\" alt=\"Mesa de trabajo 4\"><\/a><\/div><\/div><div class=\"col-auto\"><div class=\"vs-brand-fill text-center\"><a  href=\"http:\/\/www.brand.com\"><img decoding=\"async\" src=\"http:\/\/famisegurltda.com\/wp-content\/uploads\/2022\/12\/Mesa-de-trabajo-5.png\" alt=\"Mesa de trabajo 5\"><\/a><\/div><\/div><div class=\"col-auto\"><div class=\"vs-brand-fill text-center\"><a  href=\"http:\/\/www.brand.com\"><img decoding=\"async\" src=\"http:\/\/famisegurltda.com\/wp-content\/uploads\/2022\/12\/Mesa-de-trabajo-6.png\" alt=\"Mesa de trabajo 6\"><\/a><\/div><\/div><div class=\"col-auto\"><div class=\"vs-brand-fill text-center\"><a  href=\"http:\/\/www.brand.com\"><img decoding=\"async\" src=\"http:\/\/famisegurltda.com\/wp-content\/uploads\/2022\/12\/Mesa-de-trabajo-7.png\" alt=\"Mesa de trabajo 7\"><\/a><\/div><\/div><div class=\"col-auto\"><div class=\"vs-brand-fill text-center\"><a  rel=\"nofollow\" target=\"_blank\" href=\"#\"><img decoding=\"async\" src=\"http:\/\/famisegurltda.com\/wp-content\/uploads\/2022\/12\/Mesa-de-trabajo-8.png\" alt=\"Mesa de trabajo 8\"><\/a><\/div><\/div><div class=\"col-auto\"><div class=\"vs-brand-fill text-center\"><a  rel=\"nofollow\" target=\"_blank\" href=\"#\"><img decoding=\"async\" src=\"http:\/\/famisegurltda.com\/wp-content\/uploads\/2022\/12\/Mesa-de-trabajo-13-1.png\" alt=\"Mesa de trabajo 13 1\"><\/a><\/div><\/div><div class=\"col-auto\"><div class=\"vs-brand-fill text-center\"><a  rel=\"nofollow\" target=\"_blank\" href=\"#\"><img decoding=\"async\" src=\"http:\/\/famisegurltda.com\/wp-content\/uploads\/2022\/12\/Mesa-de-trabajo-9.png\" alt=\"Mesa de trabajo 9\"><\/a><\/div><\/div><div class=\"col-auto\"><div class=\"vs-brand-fill text-center\"><a  rel=\"nofollow\" target=\"_blank\" href=\"#\"><img decoding=\"async\" src=\"http:\/\/famisegurltda.com\/wp-content\/uploads\/2022\/12\/Mesa-de-trabajo-10.png\" alt=\"Mesa de trabajo 10\"><\/a><\/div><\/div><div class=\"col-auto\"><div class=\"vs-brand-fill text-center\"><a  rel=\"nofollow\" target=\"_blank\" href=\"#\"><img decoding=\"async\" src=\"http:\/\/famisegurltda.com\/wp-content\/uploads\/2022\/12\/Mesa-de-trabajo-11.png\" alt=\"Mesa de trabajo 11\"><\/a><\/div><\/div><div class=\"col-auto\"><div class=\"vs-brand-fill text-center\"><a  rel=\"nofollow\" target=\"_blank\" href=\"#\"><img decoding=\"async\" src=\"http:\/\/famisegurltda.com\/wp-content\/uploads\/2022\/12\/Mesa-de-trabajo-12-1.png\" alt=\"Mesa de trabajo 12 1\"><\/a><\/div><\/div><\/div><\/div><\/div>\t\t<\/div>\n\t\t\t\t<\/div>\n\t\t\t\t\t<\/div>\n\t\t<\/div>\n\t\t\t\t\t\t\t<\/div>\n\t\t<\/section>\n\t\t\t\t\t<\/div>\n\t\t<\/div>\n\t\t\t\t\t\t\t<\/div>\n\t\t<\/section>\n\t\t\t\t\t\t\t<\/div>\n\t\t","protected":false},"excerpt":{"rendered":"<p>Agencia de seguros Famisegur Ltda. Experiencia y calidad. Somos asesores y consultores de las aseguradoras m\u00e1s importantes de Colombia, ayudamos a empresas y personas a tomar la mejor decisi\u00f3n a la hora de asegurar sus riesgos personales y patrimoniales. Ver m\u00e1sVer m\u00e1s 10+ a\u00f1os de experiencia Sobre nosotros Experiencia, Conocimiento y acompa\u00f1amiento. Durante m\u00e1s de&#8230;<\/p>\n","protected":false},"author":1,"featured_media":0,"parent":0,"menu_order":0,"comment_status":"closed","ping_status":"closed","template":"","meta":{"om_disable_all_campaigns":false,"_monsterinsights_skip_tracking":false,"_monsterinsights_sitenote_active":false,"_monsterinsights_sitenote_note":"","_monsterinsights_sitenote_category":0,"footnotes":"","_joinchat":[]},"aioseo_notices":[],"_links":{"self":[{"href":"https:\/\/famisegurltda.com\/index.php\/wp-json\/wp\/v2\/pages\/1834"}],"collection":[{"href":"https:\/\/famisegurltda.com\/index.php\/wp-json\/wp\/v2\/pages"}],"about":[{"href":"https:\/\/famisegurltda.com\/index.php\/wp-json\/wp\/v2\/types\/page"}],"author":[{"embeddable":true,"href":"https:\/\/famisegurltda.com\/index.php\/wp-json\/wp\/v2\/users\/1"}],"replies":[{"embeddable":true,"href":"https:\/\/famisegurltda.com\/index.php\/wp-json\/wp\/v2\/comments?post=1834"}],"version-history":[{"count":80,"href":"https:\/\/famisegurltda.com\/index.php\/wp-json\/wp\/v2\/pages\/1834\/revisions"}],"predecessor-version":[{"id":5690,"href":"https:\/\/famisegurltda.com\/index.php\/wp-json\/wp\/v2\/pages\/1834\/revisions\/5690"}],"wp:attachment":[{"href":"https:\/\/famisegurltda.com\/index.php\/wp-json\/wp\/v2\/media?parent=1834"}],"curies":[{"name":"wp","href":"https:\/\/api.w.org\/{rel}","templated":true}]}}